{"id":4072,"date":"2008-07-13T20:44:24","date_gmt":"2008-07-13T20:44:24","guid":{"rendered":"http:\/\/mundobibliotecario.hospedagemdesites.ws\/index.php\/sobre\/"},"modified":"2025-03-03T11:46:15","modified_gmt":"2025-03-03T14:46:15","slug":"sobre","status":"publish","type":"page","link":"https:\/\/mundobibliotecario.com.br\/index.php\/sobre\/","title":{"rendered":"Sobre"},"content":{"rendered":"<p>O blog Mundo Bibliotec\u00e1rio apresenta informa\u00e7\u00f5es relacionadas \u00e0 Biblioteconomia e Ci\u00eancia da Informa\u00e7\u00e3o: eventos, concursos e not\u00edcias em geral.<\/p>\n<p>\u00c9 mantido pelo bibliotec\u00e1rio Eduardo Graziosi Silva, que at<span style=\"font-size: inherit;\">ualmente \u00e9 Bibliotec\u00e1rio da Se\u00e7\u00e3o de Atendimento ao Usu\u00e1rio do Servi\u00e7o de Biblioteca &#8220;Prof. Dr. S\u00e9rgio Rodrigues Fontes&#8221; da Escola de Engenharia de S\u00e3o Carlos da USP. Al\u00e9m disso, \u00e9 Bacharel em Biblioteconomia e Ci\u00eancia da Informa\u00e7\u00e3o pela UFSCar e Mestre e Doutor em Ci\u00eancia da Informa\u00e7\u00e3o pela Unesp.<\/span><\/p>\n","protected":false},"excerpt":{"rendered":"<p>O blog Mundo Bibliotec\u00e1rio apresenta informa\u00e7\u00f5es relacionadas \u00e0 Biblioteconomia e Ci\u00eancia da Informa\u00e7\u00e3o: eventos, concursos e not\u00edcias em geral. \u00c9 mantido pelo bibliotec\u00e1rio Eduardo Graziosi Silva, que atualmente \u00e9 Bibliotec\u00e1rio da Se\u00e7\u00e3o de Atendimento ao Usu\u00e1rio do Servi\u00e7o de Biblioteca &#8220;Prof. Dr. S\u00e9rgio Rodrigues Fontes&#8221; da Escola de Engenharia de S\u00e3o Carlos da USP. Al\u00e9m &#8230; <a title=\"Sobre\" class=\"read-more\" href=\"https:\/\/mundobibliotecario.com.br\/index.php\/sobre\/\" aria-label=\"Read more about Sobre\">Ler mais<\/a><\/p>\n","protected":false},"author":1,"featured_media":0,"parent":0,"menu_order":6,"comment_status":"open","ping_status":"open","template":"","meta":{"_mi_skip_tracking":false,"_exactmetrics_sitenote_active":false,"_exactmetrics_sitenote_note":"","_exactmetrics_sitenote_category":0,"footnotes":""},"class_list":["post-4072","page","type-page","status-publish"],"jetpack_sharing_enabled":true,"jetpack-related-posts":[{"id":1642,"url":"https:\/\/mundobibliotecario.com.br\/index.php\/cursos-a-distancia-em-biblioteconomia-e-ciencia-da-informacao\/","url_meta":{"origin":4072,"position":0},"title":"Cursos EaD","author":"mundobibliotecario","date":"20\/01\/2011","format":false,"excerpt":"O e-book \"Biblioteconomia a dist\u00e2ncia: guia do estudante\" \u00e9 um material in\u00e9dito no mercado criado pelo Mundo Bibliotec\u00e1rio e voltado para todos os interessados em cursar Biblioteconomia na modalidade EaD. Nele o leitor encontra informa\u00e7\u00f5es sobre: como verificar se o curso de Biblioteconomia a dist\u00e2ncia \u00e9 para voc\u00ea; conhecendo a\u2026","rel":"","context":"Com 77 coment\u00e1rios","block_context":{"text":"Com 77 coment\u00e1rios","link":"https:\/\/mundobibliotecario.com.br\/index.php\/sobre\/#disqus_thread"},"img":{"alt_text":"","src":"https:\/\/i0.wp.com\/mundobibliotecario.com.br\/wp-content\/uploads\/2020\/07\/absolutvision-UudGNHJdNSo-unsplash-1024x1024.png?resize=350%2C200","width":350,"height":200},"classes":[]},{"id":1644,"url":"https:\/\/mundobibliotecario.com.br\/index.php\/eventos-de-biblioteconomia-e-ciencia-da-informacao\/","url_meta":{"origin":4072,"position":1},"title":"Eventos","author":"mundobibliotecario","date":"12\/01\/2011","format":false,"excerpt":"","rel":"","context":"Com 39 coment\u00e1rios","block_context":{"text":"Com 39 coment\u00e1rios","link":"https:\/\/mundobibliotecario.com.br\/index.php\/sobre\/#disqus_thread"},"img":{"alt_text":"","src":"","width":0,"height":0},"classes":[]},{"id":10363,"url":"https:\/\/mundobibliotecario.com.br\/index.php\/e-book-curriculo-lattes\/","url_meta":{"origin":4072,"position":2},"title":"E-book Curr\u00edculo Lattes","author":"mundobibliotecario","date":"27\/03\/2025","format":false,"excerpt":"O passo a passo para preencher seu Lattes corretamente Saiba exatamente onde colocar cada informa\u00e7\u00e3o e nunca mais se preocupar com isso. Saiba mais Este e-book \u00e9 para voc\u00ea que... ... tem d\u00favidas sobre onde colocar cada informa\u00e7\u00e3o no Lattes.\u00a0... j\u00e1 perdeu oportunidades por erros no preenchimento do curr\u00edculo.\u00a0... quer\u2026","rel":"","context":"Post similar","block_context":{"text":"Post similar","link":""},"img":{"alt_text":"","src":"https:\/\/i0.wp.com\/mundobibliotecario.com.br\/wp-content\/uploads\/2025\/03\/CVLATTES-DESCOMPLICADO-683x1024.jpg?resize=350%2C200&ssl=1","width":350,"height":200},"classes":[]}],"jetpack_likes_enabled":true,"jetpack_shortlink":"https:\/\/wp.me\/Pcbzwa-13G","_links":{"self":[{"href":"https:\/\/mundobibliotecario.com.br\/index.php\/wp-json\/wp\/v2\/pages\/4072","targetHints":{"allow":["GET"]}}],"collection":[{"href":"https:\/\/mundobibliotecario.com.br\/index.php\/wp-json\/wp\/v2\/pages"}],"about":[{"href":"https:\/\/mundobibliotecario.com.br\/index.php\/wp-json\/wp\/v2\/types\/page"}],"author":[{"embeddable":true,"href":"https:\/\/mundobibliotecario.com.br\/index.php\/wp-json\/wp\/v2\/users\/1"}],"replies":[{"embeddable":true,"href":"https:\/\/mundobibliotecario.com.br\/index.php\/wp-json\/wp\/v2\/comments?post=4072"}],"version-history":[{"count":2,"href":"https:\/\/mundobibliotecario.com.br\/index.php\/wp-json\/wp\/v2\/pages\/4072\/revisions"}],"predecessor-version":[{"id":10356,"href":"https:\/\/mundobibliotecario.com.br\/index.php\/wp-json\/wp\/v2\/pages\/4072\/revisions\/10356"}],"wp:attachment":[{"href":"https:\/\/mundobibliotecario.com.br\/index.php\/wp-json\/wp\/v2\/media?parent=4072"}],"curies":[{"name":"wp","href":"https:\/\/api.w.org\/{rel}","templated":true}]}}